{"id":2710,"date":"2025-10-17T17:16:04","date_gmt":"2025-10-17T17:16:04","guid":{"rendered":"https:\/\/danpittcancer.org\/?page_id=2710"},"modified":"2025-10-17T17:19:01","modified_gmt":"2025-10-17T17:19:01","slug":"privacypolicy","status":"publish","type":"page","link":"https:\/\/danpittcancer.org\/es\/privacypolicy\/","title":{"rendered":"Pol\u00edtica de privacidad de DPCA"},"content":{"rendered":"<div data-elementor-type=\"wp-page\" data-elementor-id=\"2710\" class=\"elementor elementor-2710\" data-elementor-post-type=\"page\">\n\t\t\t\t<div class=\"elementor-element elementor-element-88a9e97 e-flex e-con-boxed e-con e-parent\" data-id=\"88a9e97\" data-element_type=\"container\" data-e-type=\"container\" data-settings=\"{&quot;background_background&quot;:&quot;classic&quot;}\">\n\t\t\t\t\t<div class=\"e-con-inner\">\n\t\t\t\t<div class=\"elementor-element elementor-element-a4973de elementor-widget elementor-widget-image-box\" data-id=\"a4973de\" data-element_type=\"widget\" data-e-type=\"widget\" data-widget_type=\"image-box.default\">\n\t\t\t\t\t<div class=\"elementor-image-box-wrapper\"><div class=\"elementor-image-box-content\"><h1 class=\"elementor-image-box-title\">Pol\u00edtica de privacidad de DPCA<\/h1><\/div><\/div>\t\t\t\t<\/div>\n\t\t\t\t\t<\/div>\n\t\t\t\t<\/div>\n\t\t<div class=\"elementor-element elementor-element-6ea5e37f e-flex e-con-boxed e-con e-parent\" data-id=\"6ea5e37f\" data-element_type=\"container\" data-e-type=\"container\">\n\t\t\t\t\t<div class=\"e-con-inner\">\n\t\t\t\t<div class=\"elementor-element elementor-element-43973e7 elementor-widget elementor-widget-html\" data-id=\"43973e7\" data-element_type=\"widget\" data-e-type=\"widget\" data-widget_type=\"html.default\">\n\t\t\t\t\t<div id=\"ZVdrNVUyMUlSbFZsU1hZM1prRTlQUT09\" class=\"policy_embed_div\" width=\"640\" height=\"480\"> \r\nPor favor, espere mientras se carga la pol\u00edtica. Si no se carga, por favor <a rel=\"nofollow\" href=\"https:\/\/policies.termageddon.com\/api\/policy\/ZVdrNVUyMUlSbFZsU1hZM1prRTlQUT09\" target=\"_blank\">pulse aqu\u00ed<\/a> para ver la pol\u00edtica.<\/div>\r\n<script src=\"https:\/\/policies.termageddon.com\/api\/embed\/ZVdrNVUyMUlSbFZsU1hZM1prRTlQUT09.js\"><\/script>\t\t\t\t<\/div>\n\t\t\t\t\t<\/div>\n\t\t\t\t<\/div>\n\t\t\t\t<\/div>","protected":false},"excerpt":{"rendered":"<p>DPCA Privacy Policy Please wait while the policy is loaded. If it does not load, please click here to view the policy.<\/p>","protected":false},"author":2,"featured_media":2046,"parent":0,"menu_order":0,"comment_status":"closed","ping_status":"closed","template":"","meta":{"_uag_custom_page_level_css":"","site-sidebar-layout":"no-sidebar","site-content-layout":"","ast-site-content-layout":"full-width-container","site-content-style":"default","site-sidebar-style":"default","ast-global-header-display":"","ast-banner-title-visibility":"disabled","ast-main-header-display":"","ast-hfb-above-header-display":"","ast-hfb-below-header-display":"","ast-hfb-mobile-header-display":"","site-post-title":"disabled","ast-breadcrumbs-content":"","ast-featured-img":"disabled","footer-sml-layout":"","ast-disable-related-posts":"","theme-transparent-header-meta":"enabled","adv-header-id-meta":"","stick-header-meta":"","header-above-stick-meta":"","header-main-stick-meta":"","header-below-stick-meta":"","astra-migrate-meta-layouts":"set","ast-page-background-enabled":"default","ast-page-background-meta":{"desktop":{"background-color":"var(--ast-global-color-4)","background-image":"","background-repeat":"repeat","background-position":"center center","background-size":"auto","background-attachment":"scroll","background-type":"","background-media":"","overlay-type":"","overlay-color":"","overlay-opacity":"","overlay-gradient":""},"tablet":{"background-color":"","background-image":"","background-repeat":"repeat","background-position":"center center","background-size":"auto","background-attachment":"scroll","background-type":"","background-media":"","overlay-type":"","overlay-color":"","overlay-opacity":"","overlay-gradient":""},"mobile":{"background-color":"","background-image":"","background-repeat":"repeat","background-position":"center center","background-size":"auto","background-attachment":"scroll","background-type":"","background-media":"","overlay-type":"","overlay-color":"","overlay-opacity":"","overlay-gradient":""}},"ast-content-background-meta":{"desktop":{"background-color":"var(--ast-global-color-5)","background-image":"","background-repeat":"repeat","background-position":"center center","background-size":"auto","background-attachment":"scroll","background-type":"","background-media":"","overlay-type":"","overlay-color":"","overlay-opacity":"","overlay-gradient":""},"tablet":{"background-color":"var(--ast-global-color-5)","background-image":"","background-repeat":"repeat","background-position":"center center","background-size":"auto","background-attachment":"scroll","background-type":"","background-media":"","overlay-type":"","overlay-color":"","overlay-opacity":"","overlay-gradient":""},"mobile":{"background-color":"var(--ast-global-color-5)","background-image":"","background-repeat":"repeat","background-position":"center center","background-size":"auto","background-attachment":"scroll","background-type":"","background-media":"","overlay-type":"","overlay-color":"","overlay-opacity":"","overlay-gradient":""}},"footnotes":""},"class_list":["post-2710","page","type-page","status-publish","has-post-thumbnail","hentry"],"yoast_head":"<!-- This site is optimized with the Yoast SEO plugin v27.4 - https:\/\/yoast.com\/product\/yoast-seo-wordpress\/ -->\n<title>DPCA Privacy Policy | Danville-Pittsylvania Cancer Association<\/title>\n<meta name=\"description\" content=\"We depend on dedicated volunteers to make our annual events successful. Join our volunteer list today so we know you want to help!\" \/>\n<meta name=\"robots\" content=\"index, follow, max-snippet:-1, max-image-preview:large, max-video-preview:-1\" \/>\n<link rel=\"canonical\" href=\"https:\/\/danpittcancer.org\/es\/privacypolicy\/\" \/>\n<meta property=\"og:locale\" content=\"es_MX\" \/>\n<meta property=\"og:type\" content=\"article\" \/>\n<meta property=\"og:title\" content=\"DPCA Privacy Policy | Danville-Pittsylvania Cancer Association\" \/>\n<meta property=\"og:description\" content=\"We depend on dedicated volunteers to make our annual events successful. Join our volunteer list today so we know you want to help!\" \/>\n<meta property=\"og:url\" content=\"https:\/\/danpittcancer.org\/es\/privacypolicy\/\" \/>\n<meta property=\"og:site_name\" content=\"Danville-Pittsylvania Cancer Association\" \/>\n<meta property=\"article:publisher\" content=\"https:\/\/www.facebook.com\/DanvillePittsylvaniaCancer\/\" \/>\n<meta property=\"article:modified_time\" content=\"2025-10-17T17:19:01+00:00\" \/>\n<meta property=\"og:image\" content=\"https:\/\/danpittcancer.org\/wp-content\/uploads\/2025\/07\/DPCA-Logo-scaled.png\" \/>\n\t<meta property=\"og:image:width\" content=\"2560\" \/>\n\t<meta property=\"og:image:height\" content=\"1003\" \/>\n\t<meta property=\"og:image:type\" content=\"image\/png\" \/>\n<meta name=\"twitter:card\" content=\"summary_large_image\" \/>\n<meta name=\"twitter:label1\" content=\"Tiempo de lectura\" \/>\n\t<meta name=\"twitter:data1\" content=\"1 minuto\" \/>\n<script type=\"application\/ld+json\" class=\"yoast-schema-graph\">{\"@context\":\"https:\\\/\\\/schema.org\",\"@graph\":[{\"@type\":\"WebPage\",\"@id\":\"https:\\\/\\\/danpittcancer.org\\\/privacypolicy\\\/\",\"url\":\"https:\\\/\\\/danpittcancer.org\\\/privacypolicy\\\/\",\"name\":\"DPCA Privacy Policy | Danville-Pittsylvania Cancer Association\",\"isPartOf\":{\"@id\":\"https:\\\/\\\/danpittcancer.org\\\/#website\"},\"primaryImageOfPage\":{\"@id\":\"https:\\\/\\\/danpittcancer.org\\\/privacypolicy\\\/#primaryimage\"},\"image\":{\"@id\":\"https:\\\/\\\/danpittcancer.org\\\/privacypolicy\\\/#primaryimage\"},\"thumbnailUrl\":\"https:\\\/\\\/danpittcancer.org\\\/wp-content\\\/uploads\\\/2025\\\/07\\\/DPCA-Logo-scaled.png\",\"datePublished\":\"2025-10-17T17:16:04+00:00\",\"dateModified\":\"2025-10-17T17:19:01+00:00\",\"description\":\"We depend on dedicated volunteers to make our annual events successful. Join our volunteer list today so we know you want to help!\",\"breadcrumb\":{\"@id\":\"https:\\\/\\\/danpittcancer.org\\\/privacypolicy\\\/#breadcrumb\"},\"inLanguage\":\"es\",\"potentialAction\":[{\"@type\":\"ReadAction\",\"target\":[\"https:\\\/\\\/danpittcancer.org\\\/privacypolicy\\\/\"]}]},{\"@type\":\"ImageObject\",\"inLanguage\":\"es\",\"@id\":\"https:\\\/\\\/danpittcancer.org\\\/privacypolicy\\\/#primaryimage\",\"url\":\"https:\\\/\\\/danpittcancer.org\\\/wp-content\\\/uploads\\\/2025\\\/07\\\/DPCA-Logo-scaled.png\",\"contentUrl\":\"https:\\\/\\\/danpittcancer.org\\\/wp-content\\\/uploads\\\/2025\\\/07\\\/DPCA-Logo-scaled.png\",\"width\":2560,\"height\":1003,\"caption\":\"Danville Pittsylvania Cancer Association logo\"},{\"@type\":\"BreadcrumbList\",\"@id\":\"https:\\\/\\\/danpittcancer.org\\\/privacypolicy\\\/#breadcrumb\",\"itemListElement\":[{\"@type\":\"ListItem\",\"position\":1,\"name\":\"Home\",\"item\":\"https:\\\/\\\/danpittcancer.org\\\/\"},{\"@type\":\"ListItem\",\"position\":2,\"name\":\"DPCA Privacy Policy\"}]},{\"@type\":\"WebSite\",\"@id\":\"https:\\\/\\\/danpittcancer.org\\\/#website\",\"url\":\"https:\\\/\\\/danpittcancer.org\\\/\",\"name\":\"Danville-Pittsylvania Cancer Association\",\"description\":\"Your local ally in the fight against cancer\",\"publisher\":{\"@id\":\"https:\\\/\\\/danpittcancer.org\\\/#organization\"},\"alternateName\":\"DPCA\",\"potentialAction\":[{\"@type\":\"SearchAction\",\"target\":{\"@type\":\"EntryPoint\",\"urlTemplate\":\"https:\\\/\\\/danpittcancer.org\\\/?s={search_term_string}\"},\"query-input\":{\"@type\":\"PropertyValueSpecification\",\"valueRequired\":true,\"valueName\":\"search_term_string\"}}],\"inLanguage\":\"es\"},{\"@type\":\"Organization\",\"@id\":\"https:\\\/\\\/danpittcancer.org\\\/#organization\",\"name\":\"Danville-Pittsylvania Cancer Association\",\"alternateName\":\"DPCA\",\"url\":\"https:\\\/\\\/danpittcancer.org\\\/\",\"logo\":{\"@type\":\"ImageObject\",\"inLanguage\":\"es\",\"@id\":\"https:\\\/\\\/danpittcancer.org\\\/#\\\/schema\\\/logo\\\/image\\\/\",\"url\":\"https:\\\/\\\/danpittcancer.org\\\/wp-content\\\/uploads\\\/2025\\\/07\\\/DPCA-Logo-scaled.png\",\"contentUrl\":\"https:\\\/\\\/danpittcancer.org\\\/wp-content\\\/uploads\\\/2025\\\/07\\\/DPCA-Logo-scaled.png\",\"width\":2560,\"height\":1003,\"caption\":\"Danville-Pittsylvania Cancer Association\"},\"image\":{\"@id\":\"https:\\\/\\\/danpittcancer.org\\\/#\\\/schema\\\/logo\\\/image\\\/\"},\"sameAs\":[\"https:\\\/\\\/www.facebook.com\\\/DanvillePittsylvaniaCancer\\\/\"]}]}<\/script>\n<!-- \/ Yoast SEO plugin. -->","yoast_head_json":{"title":"DPCA Privacy Policy | Danville-Pittsylvania Cancer Association","description":"We depend on dedicated volunteers to make our annual events successful. Join our volunteer list today so we know you want to help!","robots":{"index":"index","follow":"follow","max-snippet":"max-snippet:-1","max-image-preview":"max-image-preview:large","max-video-preview":"max-video-preview:-1"},"canonical":"https:\/\/danpittcancer.org\/es\/privacypolicy\/","og_locale":"es_MX","og_type":"article","og_title":"DPCA Privacy Policy | Danville-Pittsylvania Cancer Association","og_description":"We depend on dedicated volunteers to make our annual events successful. Join our volunteer list today so we know you want to help!","og_url":"https:\/\/danpittcancer.org\/es\/privacypolicy\/","og_site_name":"Danville-Pittsylvania Cancer Association","article_publisher":"https:\/\/www.facebook.com\/DanvillePittsylvaniaCancer\/","article_modified_time":"2025-10-17T17:19:01+00:00","og_image":[{"width":2560,"height":1003,"url":"https:\/\/danpittcancer.org\/wp-content\/uploads\/2025\/07\/DPCA-Logo-scaled.png","type":"image\/png"}],"twitter_card":"summary_large_image","twitter_misc":{"Tiempo de lectura":"1 minuto"},"schema":{"@context":"https:\/\/schema.org","@graph":[{"@type":"WebPage","@id":"https:\/\/danpittcancer.org\/privacypolicy\/","url":"https:\/\/danpittcancer.org\/privacypolicy\/","name":"DPCA Privacy Policy | Danville-Pittsylvania Cancer Association","isPartOf":{"@id":"https:\/\/danpittcancer.org\/#website"},"primaryImageOfPage":{"@id":"https:\/\/danpittcancer.org\/privacypolicy\/#primaryimage"},"image":{"@id":"https:\/\/danpittcancer.org\/privacypolicy\/#primaryimage"},"thumbnailUrl":"https:\/\/danpittcancer.org\/wp-content\/uploads\/2025\/07\/DPCA-Logo-scaled.png","datePublished":"2025-10-17T17:16:04+00:00","dateModified":"2025-10-17T17:19:01+00:00","description":"We depend on dedicated volunteers to make our annual events successful. Join our volunteer list today so we know you want to help!","breadcrumb":{"@id":"https:\/\/danpittcancer.org\/privacypolicy\/#breadcrumb"},"inLanguage":"es","potentialAction":[{"@type":"ReadAction","target":["https:\/\/danpittcancer.org\/privacypolicy\/"]}]},{"@type":"ImageObject","inLanguage":"es","@id":"https:\/\/danpittcancer.org\/privacypolicy\/#primaryimage","url":"https:\/\/danpittcancer.org\/wp-content\/uploads\/2025\/07\/DPCA-Logo-scaled.png","contentUrl":"https:\/\/danpittcancer.org\/wp-content\/uploads\/2025\/07\/DPCA-Logo-scaled.png","width":2560,"height":1003,"caption":"Danville Pittsylvania Cancer Association logo"},{"@type":"BreadcrumbList","@id":"https:\/\/danpittcancer.org\/privacypolicy\/#breadcrumb","itemListElement":[{"@type":"ListItem","position":1,"name":"Home","item":"https:\/\/danpittcancer.org\/"},{"@type":"ListItem","position":2,"name":"DPCA Privacy Policy"}]},{"@type":"WebSite","@id":"https:\/\/danpittcancer.org\/#website","url":"https:\/\/danpittcancer.org\/","name":"Asociaci\u00f3n Danville-Pittsylvania contra el C\u00e1ncer","description":"Su aliado local en la lucha contra el c\u00e1ncer","publisher":{"@id":"https:\/\/danpittcancer.org\/#organization"},"alternateName":"DPCA","potentialAction":[{"@type":"SearchAction","target":{"@type":"EntryPoint","urlTemplate":"https:\/\/danpittcancer.org\/?s={search_term_string}"},"query-input":{"@type":"PropertyValueSpecification","valueRequired":true,"valueName":"search_term_string"}}],"inLanguage":"es"},{"@type":"Organization","@id":"https:\/\/danpittcancer.org\/#organization","name":"Asociaci\u00f3n Danville-Pittsylvania contra el C\u00e1ncer","alternateName":"DPCA","url":"https:\/\/danpittcancer.org\/","logo":{"@type":"ImageObject","inLanguage":"es","@id":"https:\/\/danpittcancer.org\/#\/schema\/logo\/image\/","url":"https:\/\/danpittcancer.org\/wp-content\/uploads\/2025\/07\/DPCA-Logo-scaled.png","contentUrl":"https:\/\/danpittcancer.org\/wp-content\/uploads\/2025\/07\/DPCA-Logo-scaled.png","width":2560,"height":1003,"caption":"Danville-Pittsylvania Cancer Association"},"image":{"@id":"https:\/\/danpittcancer.org\/#\/schema\/logo\/image\/"},"sameAs":["https:\/\/www.facebook.com\/DanvillePittsylvaniaCancer\/"]}]}},"uagb_featured_image_src":{"full":["https:\/\/danpittcancer.org\/wp-content\/uploads\/2025\/07\/DPCA-Logo-scaled.png",2560,1003,false],"thumbnail":["https:\/\/danpittcancer.org\/wp-content\/uploads\/2025\/07\/DPCA-Logo-150x150.png",150,150,true],"medium":["https:\/\/danpittcancer.org\/wp-content\/uploads\/2025\/07\/DPCA-Logo-300x118.png",300,118,true],"medium_large":["https:\/\/danpittcancer.org\/wp-content\/uploads\/2025\/07\/DPCA-Logo-768x301.png",768,301,true],"large":["https:\/\/danpittcancer.org\/wp-content\/uploads\/2025\/07\/DPCA-Logo-1024x401.png",1024,401,true],"1536x1536":["https:\/\/danpittcancer.org\/wp-content\/uploads\/2025\/07\/DPCA-Logo-1536x602.png",1536,602,true],"2048x2048":["https:\/\/danpittcancer.org\/wp-content\/uploads\/2025\/07\/DPCA-Logo-2048x802.png",2048,802,true],"trp-custom-language-flag":["https:\/\/danpittcancer.org\/wp-content\/uploads\/2025\/07\/DPCA-Logo-18x7.png",18,7,true],"gform-image-choice-sm":["https:\/\/danpittcancer.org\/wp-content\/uploads\/2025\/07\/DPCA-Logo-scaled.png",300,118,false],"gform-image-choice-md":["https:\/\/danpittcancer.org\/wp-content\/uploads\/2025\/07\/DPCA-Logo-scaled.png",400,157,false],"gform-image-choice-lg":["https:\/\/danpittcancer.org\/wp-content\/uploads\/2025\/07\/DPCA-Logo-scaled.png",600,235,false]},"uagb_author_info":{"display_name":"Megan","author_link":"https:\/\/danpittcancer.org\/es\/author\/megan\/"},"uagb_comment_info":0,"uagb_excerpt":"DPCA Privacy Policy Please wait while the policy is loaded. If it does not load, please click here to view the policy.","_links":{"self":[{"href":"https:\/\/danpittcancer.org\/es\/wp-json\/wp\/v2\/pages\/2710","targetHints":{"allow":["GET"]}}],"collection":[{"href":"https:\/\/danpittcancer.org\/es\/wp-json\/wp\/v2\/pages"}],"about":[{"href":"https:\/\/danpittcancer.org\/es\/wp-json\/wp\/v2\/types\/page"}],"author":[{"embeddable":true,"href":"https:\/\/danpittcancer.org\/es\/wp-json\/wp\/v2\/users\/2"}],"replies":[{"embeddable":true,"href":"https:\/\/danpittcancer.org\/es\/wp-json\/wp\/v2\/comments?post=2710"}],"version-history":[{"count":4,"href":"https:\/\/danpittcancer.org\/es\/wp-json\/wp\/v2\/pages\/2710\/revisions"}],"predecessor-version":[{"id":2715,"href":"https:\/\/danpittcancer.org\/es\/wp-json\/wp\/v2\/pages\/2710\/revisions\/2715"}],"wp:featuredmedia":[{"embeddable":true,"href":"https:\/\/danpittcancer.org\/es\/wp-json\/wp\/v2\/media\/2046"}],"wp:attachment":[{"href":"https:\/\/danpittcancer.org\/es\/wp-json\/wp\/v2\/media?parent=2710"}],"curies":[{"name":"wp","href":"https:\/\/api.w.org\/{rel}","templated":true}]}}