{"id":2201,"date":"2025-09-01T16:25:33","date_gmt":"2025-09-01T16:25:33","guid":{"rendered":"https:\/\/danpittcancer.org\/?page_id=2201"},"modified":"2026-01-14T19:08:29","modified_gmt":"2026-01-14T19:08:29","slug":"board-staff","status":"publish","type":"page","link":"https:\/\/danpittcancer.org\/es\/board-staff\/","title":{"rendered":"Junta Directiva y personal"},"content":{"rendered":"<div data-elementor-type=\"wp-page\" data-elementor-id=\"2201\" class=\"elementor elementor-2201\" data-elementor-post-type=\"page\">\n\t\t\t\t<div class=\"elementor-element elementor-element-01h4iy4 e-flex e-con-boxed e-con e-parent\" data-id=\"01h4iy4\" data-element_type=\"container\" data-e-type=\"container\" data-settings=\"{&quot;background_background&quot;:&quot;classic&quot;}\">\n\t\t\t\t\t<div class=\"e-con-inner\">\n\t\t\t\t<div class=\"elementor-element elementor-element-1b8baa2 elementor-widget elementor-widget-image-box\" data-id=\"1b8baa2\" data-element_type=\"widget\" data-e-type=\"widget\" data-widget_type=\"image-box.default\">\n\t\t\t\t\t<div class=\"elementor-image-box-wrapper\"><div class=\"elementor-image-box-content\"><h1 class=\"elementor-image-box-title\">Junta Directiva y personal<\/h1><\/div><\/div>\t\t\t\t<\/div>\n\t\t\t\t\t<\/div>\n\t\t\t\t<\/div>\n\t\t<div class=\"elementor-element elementor-element-d0zgnpn e-flex e-con-boxed e-con e-parent\" data-id=\"d0zgnpn\" data-element_type=\"container\" data-e-type=\"container\" data-settings=\"{&quot;background_background&quot;:&quot;classic&quot;}\">\n\t\t\t\t\t<div class=\"e-con-inner\">\n\t\t<div class=\"elementor-element elementor-element-1a3dd51 e-con-full e-flex e-con e-child\" data-id=\"1a3dd51\" data-element_type=\"container\" data-e-type=\"container\">\n\t\t<div class=\"elementor-element elementor-element-2507ca2 e-con-full e-flex e-con e-child\" data-id=\"2507ca2\" data-element_type=\"container\" data-e-type=\"container\">\n\t\t\t\t<div class=\"elementor-element elementor-element-6a8fc23 elementor-widget elementor-widget-heading\" data-id=\"6a8fc23\" data-element_type=\"widget\" data-e-type=\"widget\" data-widget_type=\"heading.default\">\n\t\t\t\t\t<h2 class=\"elementor-heading-title elementor-size-default\">Las personas detr\u00e1s de la misi\u00f3n<\/h2>\t\t\t\t<\/div>\n\t\t\t\t<\/div>\n\t\t<div class=\"elementor-element elementor-element-0027f1f e-con-full e-flex e-con e-child\" data-id=\"0027f1f\" data-element_type=\"container\" data-e-type=\"container\">\n\t\t\t\t<div class=\"elementor-element elementor-element-894d387 elementor-widget-divider--view-line elementor-widget elementor-widget-divider\" data-id=\"894d387\" data-element_type=\"widget\" data-e-type=\"widget\" data-widget_type=\"divider.default\">\n\t\t\t\t\t\t\t<div class=\"elementor-divider\">\n\t\t\t<span class=\"elementor-divider-separator\">\n\t\t\t\t\t\t<\/span>\n\t\t<\/div>\n\t\t\t\t\t\t<\/div>\n\t\t\t\t<div class=\"elementor-element elementor-element-bf823e1 elementor-widget elementor-widget-heading\" data-id=\"bf823e1\" data-element_type=\"widget\" data-e-type=\"widget\" data-widget_type=\"heading.default\">\n\t\t\t\t\t<p class=\"elementor-heading-title elementor-size-default\">En la Asociaci\u00f3n Danville-Pittsylvania contra el C\u00e1ncer, nuestra fuerza reside en las personas que est\u00e1n detr\u00e1s de nuestra misi\u00f3n. Desde nuestra Junta Directiva de voluntarios hasta nuestro peque\u00f1o pero poderoso personal, cada persona desempe\u00f1a un papel a la hora de garantizar un apoyo compasivo y receptivo a los clientes a los que servimos.<\/p>\t\t\t\t<\/div>\n\t\t\t\t<\/div>\n\t\t\t\t<\/div>\n\t\t\t\t<div class=\"elementor-element elementor-element-3f4846d elementor-widget-divider--view-line elementor-widget elementor-widget-divider\" data-id=\"3f4846d\" data-element_type=\"widget\" data-e-type=\"widget\" data-widget_type=\"divider.default\">\n\t\t\t\t\t\t\t<div class=\"elementor-divider\">\n\t\t\t<span class=\"elementor-divider-separator\">\n\t\t\t\t\t\t<\/span>\n\t\t<\/div>\n\t\t\t\t\t\t<\/div>\n\t\t<div class=\"elementor-element elementor-element-43cbb68 e-con-full e-flex e-con e-child\" data-id=\"43cbb68\" data-element_type=\"container\" data-e-type=\"container\">\n\t\t\t\t<div class=\"elementor-element elementor-element-10a04ad elementor-widget elementor-widget-heading\" data-id=\"10a04ad\" data-element_type=\"widget\" data-e-type=\"widget\" data-widget_type=\"heading.default\">\n\t\t\t\t\t<h3 class=\"elementor-heading-title elementor-size-default\">Junta Directiva y personal<\/h3>\t\t\t\t<\/div>\n\t\t\t\t<\/div>\n\t\t<div class=\"elementor-element elementor-element-fcac964 e-con-full e-flex e-con e-child\" data-id=\"fcac964\" data-element_type=\"container\" data-e-type=\"container\">\n\t\t<div class=\"elementor-element elementor-element-cad3aec e-con-full e-flex e-con e-child\" data-id=\"cad3aec\" data-element_type=\"container\" data-e-type=\"container\">\n\t\t\t\t<div class=\"elementor-element elementor-element-07dfe57 elementor-widget elementor-widget-image-box\" data-id=\"07dfe57\" data-element_type=\"widget\" data-e-type=\"widget\" data-widget_type=\"image-box.default\">\n\t\t\t\t\t<div class=\"elementor-image-box-wrapper\"><div class=\"elementor-image-box-content\"><h4 class=\"elementor-image-box-title\">Consejo de Administraci\u00f3n<\/h4><p class=\"elementor-image-box-description\">Colaboramos con las comunidades locales, voluntarios y donantes para lograr nuestro objetivo de influir significativamente en la vida de las personas. Nuestra organizaci\u00f3n sin \u00e1nimo de lucro se esfuerza por marcar una diferencia positiva en la sociedad apoyando a los necesitados.<\/p><\/div><\/div>\t\t\t\t<\/div>\n\t\t\t\t<div class=\"elementor-element elementor-element-408dc74 elementor-widget elementor-widget-text-editor\" data-id=\"408dc74\" data-element_type=\"widget\" data-e-type=\"widget\" data-widget_type=\"text-editor.default\">\n\t\t\t\t\t\t\t\t\t<ul><li><em>Presidente: <\/em>Miller Moreau<\/li><li><em>Vicepresidente:<\/em> Melissa Tuck<\/li><li><em>Secretario:<\/em> Karen Stadler<\/li><li><em>Tesorero:<\/em> Parker Powell<\/li><li><em>Expresidente:<\/em> Jennie Sellers<\/li><li>Jeanne Ashworth<\/li><li>Winn Bishop<\/li><li>Bryant Hood<\/li><li>Renee Hughes<\/li><li>Venee Mayo<\/li><li>Lori Wilson<\/li><li>Jeff Rodden<\/li><li>Lisa Shorter<\/li><li>Jon Thomson<\/li><\/ul>\t\t\t\t\t\t\t\t<\/div>\n\t\t\t\t<\/div>\n\t\t<div class=\"elementor-element elementor-element-865e000 e-con-full e-flex e-con e-child\" data-id=\"865e000\" data-element_type=\"container\" data-e-type=\"container\">\n\t\t\t\t<div class=\"elementor-element elementor-element-e1bb789 elementor-widget elementor-widget-image-box\" data-id=\"e1bb789\" data-element_type=\"widget\" data-e-type=\"widget\" data-widget_type=\"image-box.default\">\n\t\t\t\t\t<div class=\"elementor-image-box-wrapper\"><div class=\"elementor-image-box-content\"><h4 class=\"elementor-image-box-title\">Personal<\/h4><p class=\"elementor-image-box-description\">Las operaciones diarias de la Asociaci\u00f3n Danville-Pittsylvania contra el C\u00e1ncer son llevadas a cabo por un equipo compasivo y trabajador que est\u00e1 profundamente comprometido con nuestra misi\u00f3n. Ellos son las voces en el tel\u00e9fono, las manos detr\u00e1s del papeleo, y los corazones detr\u00e1s de cada interacci\u00f3n con el cliente.\n<\/p><\/div><\/div>\t\t\t\t<\/div>\n\t\t\t\t<div class=\"elementor-element elementor-element-6a8ea99 elementor-widget elementor-widget-text-editor\" data-id=\"6a8ea99\" data-element_type=\"widget\" data-e-type=\"widget\" data-widget_type=\"text-editor.default\">\n\t\t\t\t\t\t\t\t\t<ul><li>Moriah Davis, <em>Director Ejecutivo<\/em><\/li><li>Shirley Adkins, <em>Gestor de ayuda al cliente<\/em><\/li><li>Kristin Doss, <em>Asistente de atenci\u00f3n al cliente<\/em><\/li><\/ul>\t\t\t\t\t\t\t\t<\/div>\n\t\t\t\t<div class=\"elementor-element elementor-element-94160e2 elementor-widget elementor-widget-spacer\" data-id=\"94160e2\" data-element_type=\"widget\" data-e-type=\"widget\" data-widget_type=\"spacer.default\">\n\t\t\t\t\t\t\t<div class=\"elementor-spacer\">\n\t\t\t<div class=\"elementor-spacer-inner\"><\/div>\n\t\t<\/div>\n\t\t\t\t\t\t<\/div>\n\t\t\t\t<div class=\"elementor-element elementor-element-1b4b72e elementor-widget elementor-widget-image-box\" data-id=\"1b4b72e\" data-element_type=\"widget\" data-e-type=\"widget\" data-widget_type=\"image-box.default\">\n\t\t\t\t\t<div class=\"elementor-image-box-wrapper\"><div class=\"elementor-image-box-content\"><h4 class=\"elementor-image-box-title\">Miembros vitalicios de la Junta Directiva<\/h4><\/div><\/div>\t\t\t\t<\/div>\n\t\t\t\t<div class=\"elementor-element elementor-element-3098a22 elementor-widget elementor-widget-heading\" data-id=\"3098a22\" data-element_type=\"widget\" data-e-type=\"widget\" data-widget_type=\"heading.default\">\n\t\t\t\t\t<h5 class=\"elementor-heading-title elementor-size-default\">Designaci\u00f3n honor\u00edfica<\/h5>\t\t\t\t<\/div>\n\t\t\t\t<div class=\"elementor-element elementor-element-0f6b4ee elementor-widget elementor-widget-text-editor\" data-id=\"0f6b4ee\" data-element_type=\"widget\" data-e-type=\"widget\" data-widget_type=\"text-editor.default\">\n\t\t\t\t\t\t\t\t\t<ul><li>Charlene Harris<\/li><li>Vic Ingram<\/li><li>Karen Johnston<\/li><li>Ramona McClanahan<\/li><li>Earline Mills<\/li><li>Carolyn Stinson<\/li><\/ul>\t\t\t\t\t\t\t\t<\/div>\n\t\t\t\t<\/div>\n\t\t\t\t<\/div>\n\t\t\t\t\t<\/div>\n\t\t\t\t<\/div>\n\t\t\t\t<\/div>","protected":false},"excerpt":{"rendered":"<p>Board &amp; Staff The people behind the mission At Danville-Pittsylvania Cancer Association, our strength lies in the people behind the mission. From our volunteer Board of Directors to our small-but-mighty staff, every individual plays a role in ensuring compassionate, responsive support for the clients we serve. Board &amp; Staff Board of Directors We collaborate with [&hellip;]<\/p>\n","protected":false},"author":2,"featured_media":2971,"parent":0,"menu_order":0,"comment_status":"closed","ping_status":"closed","template":"","meta":{"_uag_custom_page_level_css":"","site-sidebar-layout":"no-sidebar","site-content-layout":"page-builder","ast-site-content-layout":"full-width-container","site-content-style":"default","site-sidebar-style":"default","ast-global-header-display":"","ast-banner-title-visibility":"disabled","ast-main-header-display":"","ast-hfb-above-header-display":"","ast-hfb-below-header-display":"","ast-hfb-mobile-header-display":"","site-post-title":"disabled","ast-breadcrumbs-content":"","ast-featured-img":"disabled","footer-sml-layout":"","ast-disable-related-posts":"","theme-transparent-header-meta":"enabled","adv-header-id-meta":"","stick-header-meta":"","header-above-stick-meta":"","header-main-stick-meta":"","header-below-stick-meta":"","astra-migrate-meta-layouts":"set","ast-page-background-enabled":"default","ast-page-background-meta":{"desktop":{"background-color":"var(--ast-global-color-4)","background-image":"","background-repeat":"repeat","background-position":"center center","background-size":"auto","background-attachment":"scroll","background-type":"","background-media":"","overlay-type":"","overlay-color":"","overlay-opacity":"","overlay-gradient":""},"tablet":{"background-color":"","background-image":"","background-repeat":"repeat","background-position":"center center","background-size":"auto","background-attachment":"scroll","background-type":"","background-media":"","overlay-type":"","overlay-color":"","overlay-opacity":"","overlay-gradient":""},"mobile":{"background-color":"","background-image":"","background-repeat":"repeat","background-position":"center center","background-size":"auto","background-attachment":"scroll","background-type":"","background-media":"","overlay-type":"","overlay-color":"","overlay-opacity":"","overlay-gradient":""}},"ast-content-background-meta":{"desktop":{"background-color":"var(--ast-global-color-5)","background-image":"","background-repeat":"repeat","background-position":"center center","background-size":"auto","background-attachment":"scroll","background-type":"","background-media":"","overlay-type":"","overlay-color":"","overlay-opacity":"","overlay-gradient":""},"tablet":{"background-color":"var(--ast-global-color-5)","background-image":"","background-repeat":"repeat","background-position":"center center","background-size":"auto","background-attachment":"scroll","background-type":"","background-media":"","overlay-type":"","overlay-color":"","overlay-opacity":"","overlay-gradient":""},"mobile":{"background-color":"var(--ast-global-color-5)","background-image":"","background-repeat":"repeat","background-position":"center center","background-size":"auto","background-attachment":"scroll","background-type":"","background-media":"","overlay-type":"","overlay-color":"","overlay-opacity":"","overlay-gradient":""}},"footnotes":""},"class_list":["post-2201","page","type-page","status-publish","has-post-thumbnail","hentry"],"yoast_head":"<!-- This site is optimized with the Yoast SEO plugin v27.4 - https:\/\/yoast.com\/product\/yoast-seo-wordpress\/ -->\n<title>Board &amp; Staff | Danville-Pittsylvania Cancer Association<\/title>\n<meta name=\"description\" content=\"At DPCA, our strength is in our people. Our board &amp; staff ensure compassionate, responsive support for every client we\u2019re privileged to serve.\" \/>\n<meta name=\"robots\" content=\"index, follow, max-snippet:-1, max-image-preview:large, max-video-preview:-1\" \/>\n<link rel=\"canonical\" href=\"https:\/\/danpittcancer.org\/es\/board-staff\/\" \/>\n<meta property=\"og:locale\" content=\"es_MX\" \/>\n<meta property=\"og:type\" content=\"article\" \/>\n<meta property=\"og:title\" content=\"Board &amp; Staff | Danville-Pittsylvania Cancer Association\" \/>\n<meta property=\"og:description\" content=\"At DPCA, our strength is in our people. Our board &amp; staff ensure compassionate, responsive support for every client we\u2019re privileged to serve.\" \/>\n<meta property=\"og:url\" content=\"https:\/\/danpittcancer.org\/es\/board-staff\/\" \/>\n<meta property=\"og:site_name\" content=\"Danville-Pittsylvania Cancer Association\" \/>\n<meta property=\"article:publisher\" content=\"https:\/\/www.facebook.com\/DanvillePittsylvaniaCancer\/\" \/>\n<meta property=\"article:modified_time\" content=\"2026-01-14T19:08:29+00:00\" \/>\n<meta property=\"og:image\" content=\"https:\/\/danpittcancer.org\/wp-content\/uploads\/2025\/11\/DPCA-Board-Staff-Header-Image.png\" \/>\n\t<meta property=\"og:image:width\" content=\"1920\" \/>\n\t<meta property=\"og:image:height\" content=\"1080\" \/>\n\t<meta property=\"og:image:type\" content=\"image\/png\" \/>\n<meta name=\"twitter:card\" content=\"summary_large_image\" \/>\n<meta name=\"twitter:label1\" content=\"Tiempo de lectura\" \/>\n\t<meta name=\"twitter:data1\" content=\"1 minuto\" \/>\n<script type=\"application\/ld+json\" class=\"yoast-schema-graph\">{\"@context\":\"https:\\\/\\\/schema.org\",\"@graph\":[{\"@type\":\"WebPage\",\"@id\":\"https:\\\/\\\/danpittcancer.org\\\/board-staff\\\/\",\"url\":\"https:\\\/\\\/danpittcancer.org\\\/board-staff\\\/\",\"name\":\"Board &amp; Staff | Danville-Pittsylvania Cancer Association\",\"isPartOf\":{\"@id\":\"https:\\\/\\\/danpittcancer.org\\\/#website\"},\"primaryImageOfPage\":{\"@id\":\"https:\\\/\\\/danpittcancer.org\\\/board-staff\\\/#primaryimage\"},\"image\":{\"@id\":\"https:\\\/\\\/danpittcancer.org\\\/board-staff\\\/#primaryimage\"},\"thumbnailUrl\":\"https:\\\/\\\/danpittcancer.org\\\/wp-content\\\/uploads\\\/2025\\\/11\\\/DPCA-Board-Staff-Header-Image.png\",\"datePublished\":\"2025-09-01T16:25:33+00:00\",\"dateModified\":\"2026-01-14T19:08:29+00:00\",\"description\":\"At DPCA, our strength is in our people. Our board & staff ensure compassionate, responsive support for every client we\u2019re privileged to serve.\",\"breadcrumb\":{\"@id\":\"https:\\\/\\\/danpittcancer.org\\\/board-staff\\\/#breadcrumb\"},\"inLanguage\":\"es\",\"potentialAction\":[{\"@type\":\"ReadAction\",\"target\":[\"https:\\\/\\\/danpittcancer.org\\\/board-staff\\\/\"]}]},{\"@type\":\"ImageObject\",\"inLanguage\":\"es\",\"@id\":\"https:\\\/\\\/danpittcancer.org\\\/board-staff\\\/#primaryimage\",\"url\":\"https:\\\/\\\/danpittcancer.org\\\/wp-content\\\/uploads\\\/2025\\\/11\\\/DPCA-Board-Staff-Header-Image.png\",\"contentUrl\":\"https:\\\/\\\/danpittcancer.org\\\/wp-content\\\/uploads\\\/2025\\\/11\\\/DPCA-Board-Staff-Header-Image.png\",\"width\":1920,\"height\":1080},{\"@type\":\"BreadcrumbList\",\"@id\":\"https:\\\/\\\/danpittcancer.org\\\/board-staff\\\/#breadcrumb\",\"itemListElement\":[{\"@type\":\"ListItem\",\"position\":1,\"name\":\"Home\",\"item\":\"https:\\\/\\\/danpittcancer.org\\\/\"},{\"@type\":\"ListItem\",\"position\":2,\"name\":\"Board &amp; Staff\"}]},{\"@type\":\"WebSite\",\"@id\":\"https:\\\/\\\/danpittcancer.org\\\/#website\",\"url\":\"https:\\\/\\\/danpittcancer.org\\\/\",\"name\":\"Danville-Pittsylvania Cancer Association\",\"description\":\"Your local ally in the fight against cancer\",\"publisher\":{\"@id\":\"https:\\\/\\\/danpittcancer.org\\\/#organization\"},\"alternateName\":\"DPCA\",\"potentialAction\":[{\"@type\":\"SearchAction\",\"target\":{\"@type\":\"EntryPoint\",\"urlTemplate\":\"https:\\\/\\\/danpittcancer.org\\\/?s={search_term_string}\"},\"query-input\":{\"@type\":\"PropertyValueSpecification\",\"valueRequired\":true,\"valueName\":\"search_term_string\"}}],\"inLanguage\":\"es\"},{\"@type\":\"Organization\",\"@id\":\"https:\\\/\\\/danpittcancer.org\\\/#organization\",\"name\":\"Danville-Pittsylvania Cancer Association\",\"alternateName\":\"DPCA\",\"url\":\"https:\\\/\\\/danpittcancer.org\\\/\",\"logo\":{\"@type\":\"ImageObject\",\"inLanguage\":\"es\",\"@id\":\"https:\\\/\\\/danpittcancer.org\\\/#\\\/schema\\\/logo\\\/image\\\/\",\"url\":\"https:\\\/\\\/danpittcancer.org\\\/wp-content\\\/uploads\\\/2025\\\/07\\\/DPCA-Logo-scaled.png\",\"contentUrl\":\"https:\\\/\\\/danpittcancer.org\\\/wp-content\\\/uploads\\\/2025\\\/07\\\/DPCA-Logo-scaled.png\",\"width\":2560,\"height\":1003,\"caption\":\"Danville-Pittsylvania Cancer Association\"},\"image\":{\"@id\":\"https:\\\/\\\/danpittcancer.org\\\/#\\\/schema\\\/logo\\\/image\\\/\"},\"sameAs\":[\"https:\\\/\\\/www.facebook.com\\\/DanvillePittsylvaniaCancer\\\/\"]}]}<\/script>\n<!-- \/ Yoast SEO plugin. -->","yoast_head_json":{"title":"Board &amp; Staff | Danville-Pittsylvania Cancer Association","description":"At DPCA, our strength is in our people. Our board & staff ensure compassionate, responsive support for every client we\u2019re privileged to serve.","robots":{"index":"index","follow":"follow","max-snippet":"max-snippet:-1","max-image-preview":"max-image-preview:large","max-video-preview":"max-video-preview:-1"},"canonical":"https:\/\/danpittcancer.org\/es\/board-staff\/","og_locale":"es_MX","og_type":"article","og_title":"Board &amp; Staff | Danville-Pittsylvania Cancer Association","og_description":"At DPCA, our strength is in our people. Our board & staff ensure compassionate, responsive support for every client we\u2019re privileged to serve.","og_url":"https:\/\/danpittcancer.org\/es\/board-staff\/","og_site_name":"Danville-Pittsylvania Cancer Association","article_publisher":"https:\/\/www.facebook.com\/DanvillePittsylvaniaCancer\/","article_modified_time":"2026-01-14T19:08:29+00:00","og_image":[{"width":1920,"height":1080,"url":"https:\/\/danpittcancer.org\/wp-content\/uploads\/2025\/11\/DPCA-Board-Staff-Header-Image.png","type":"image\/png"}],"twitter_card":"summary_large_image","twitter_misc":{"Tiempo de lectura":"1 minuto"},"schema":{"@context":"https:\/\/schema.org","@graph":[{"@type":"WebPage","@id":"https:\/\/danpittcancer.org\/board-staff\/","url":"https:\/\/danpittcancer.org\/board-staff\/","name":"Board &amp; Staff | Danville-Pittsylvania Cancer Association","isPartOf":{"@id":"https:\/\/danpittcancer.org\/#website"},"primaryImageOfPage":{"@id":"https:\/\/danpittcancer.org\/board-staff\/#primaryimage"},"image":{"@id":"https:\/\/danpittcancer.org\/board-staff\/#primaryimage"},"thumbnailUrl":"https:\/\/danpittcancer.org\/wp-content\/uploads\/2025\/11\/DPCA-Board-Staff-Header-Image.png","datePublished":"2025-09-01T16:25:33+00:00","dateModified":"2026-01-14T19:08:29+00:00","description":"At DPCA, our strength is in our people. Our board & staff ensure compassionate, responsive support for every client we\u2019re privileged to serve.","breadcrumb":{"@id":"https:\/\/danpittcancer.org\/board-staff\/#breadcrumb"},"inLanguage":"es","potentialAction":[{"@type":"ReadAction","target":["https:\/\/danpittcancer.org\/board-staff\/"]}]},{"@type":"ImageObject","inLanguage":"es","@id":"https:\/\/danpittcancer.org\/board-staff\/#primaryimage","url":"https:\/\/danpittcancer.org\/wp-content\/uploads\/2025\/11\/DPCA-Board-Staff-Header-Image.png","contentUrl":"https:\/\/danpittcancer.org\/wp-content\/uploads\/2025\/11\/DPCA-Board-Staff-Header-Image.png","width":1920,"height":1080},{"@type":"BreadcrumbList","@id":"https:\/\/danpittcancer.org\/board-staff\/#breadcrumb","itemListElement":[{"@type":"ListItem","position":1,"name":"Home","item":"https:\/\/danpittcancer.org\/"},{"@type":"ListItem","position":2,"name":"Board &amp; Staff"}]},{"@type":"WebSite","@id":"https:\/\/danpittcancer.org\/#website","url":"https:\/\/danpittcancer.org\/","name":"Asociaci\u00f3n Danville-Pittsylvania contra el C\u00e1ncer","description":"Su aliado local en la lucha contra el c\u00e1ncer","publisher":{"@id":"https:\/\/danpittcancer.org\/#organization"},"alternateName":"DPCA","potentialAction":[{"@type":"SearchAction","target":{"@type":"EntryPoint","urlTemplate":"https:\/\/danpittcancer.org\/?s={search_term_string}"},"query-input":{"@type":"PropertyValueSpecification","valueRequired":true,"valueName":"search_term_string"}}],"inLanguage":"es"},{"@type":"Organization","@id":"https:\/\/danpittcancer.org\/#organization","name":"Asociaci\u00f3n Danville-Pittsylvania contra el C\u00e1ncer","alternateName":"DPCA","url":"https:\/\/danpittcancer.org\/","logo":{"@type":"ImageObject","inLanguage":"es","@id":"https:\/\/danpittcancer.org\/#\/schema\/logo\/image\/","url":"https:\/\/danpittcancer.org\/wp-content\/uploads\/2025\/07\/DPCA-Logo-scaled.png","contentUrl":"https:\/\/danpittcancer.org\/wp-content\/uploads\/2025\/07\/DPCA-Logo-scaled.png","width":2560,"height":1003,"caption":"Danville-Pittsylvania Cancer Association"},"image":{"@id":"https:\/\/danpittcancer.org\/#\/schema\/logo\/image\/"},"sameAs":["https:\/\/www.facebook.com\/DanvillePittsylvaniaCancer\/"]}]}},"uagb_featured_image_src":{"full":["https:\/\/danpittcancer.org\/wp-content\/uploads\/2025\/11\/DPCA-Board-Staff-Header-Image.png",1920,1080,false],"thumbnail":["https:\/\/danpittcancer.org\/wp-content\/uploads\/2025\/11\/DPCA-Board-Staff-Header-Image-150x150.png",150,150,true],"medium":["https:\/\/danpittcancer.org\/wp-content\/uploads\/2025\/11\/DPCA-Board-Staff-Header-Image-300x169.png",300,169,true],"medium_large":["https:\/\/danpittcancer.org\/wp-content\/uploads\/2025\/11\/DPCA-Board-Staff-Header-Image-768x432.png",768,432,true],"large":["https:\/\/danpittcancer.org\/wp-content\/uploads\/2025\/11\/DPCA-Board-Staff-Header-Image-1024x576.png",1024,576,true],"1536x1536":["https:\/\/danpittcancer.org\/wp-content\/uploads\/2025\/11\/DPCA-Board-Staff-Header-Image-1536x864.png",1536,864,true],"2048x2048":["https:\/\/danpittcancer.org\/wp-content\/uploads\/2025\/11\/DPCA-Board-Staff-Header-Image.png",1920,1080,false],"trp-custom-language-flag":["https:\/\/danpittcancer.org\/wp-content\/uploads\/2025\/11\/DPCA-Board-Staff-Header-Image-18x10.png",18,10,true],"gform-image-choice-sm":["https:\/\/danpittcancer.org\/wp-content\/uploads\/2025\/11\/DPCA-Board-Staff-Header-Image.png",300,169,false],"gform-image-choice-md":["https:\/\/danpittcancer.org\/wp-content\/uploads\/2025\/11\/DPCA-Board-Staff-Header-Image.png",400,225,false],"gform-image-choice-lg":["https:\/\/danpittcancer.org\/wp-content\/uploads\/2025\/11\/DPCA-Board-Staff-Header-Image.png",600,338,false]},"uagb_author_info":{"display_name":"Megan","author_link":"https:\/\/danpittcancer.org\/es\/author\/megan\/"},"uagb_comment_info":0,"uagb_excerpt":"Board &amp; Staff The people behind the mission At Danville-Pittsylvania Cancer Association, our strength lies in the people behind the mission. From our volunteer Board of Directors to our small-but-mighty staff, every individual plays a role in ensuring compassionate, responsive support for the clients we serve. Board &amp; Staff Board of Directors We collaborate with&hellip;","_links":{"self":[{"href":"https:\/\/danpittcancer.org\/es\/wp-json\/wp\/v2\/pages\/2201","targetHints":{"allow":["GET"]}}],"collection":[{"href":"https:\/\/danpittcancer.org\/es\/wp-json\/wp\/v2\/pages"}],"about":[{"href":"https:\/\/danpittcancer.org\/es\/wp-json\/wp\/v2\/types\/page"}],"author":[{"embeddable":true,"href":"https:\/\/danpittcancer.org\/es\/wp-json\/wp\/v2\/users\/2"}],"replies":[{"embeddable":true,"href":"https:\/\/danpittcancer.org\/es\/wp-json\/wp\/v2\/comments?post=2201"}],"version-history":[{"count":49,"href":"https:\/\/danpittcancer.org\/es\/wp-json\/wp\/v2\/pages\/2201\/revisions"}],"predecessor-version":[{"id":3048,"href":"https:\/\/danpittcancer.org\/es\/wp-json\/wp\/v2\/pages\/2201\/revisions\/3048"}],"wp:featuredmedia":[{"embeddable":true,"href":"https:\/\/danpittcancer.org\/es\/wp-json\/wp\/v2\/media\/2971"}],"wp:attachment":[{"href":"https:\/\/danpittcancer.org\/es\/wp-json\/wp\/v2\/media?parent=2201"}],"curies":[{"name":"wp","href":"https:\/\/api.w.org\/{rel}","templated":true}]}}